{"id":258,"date":"2018-01-22T10:17:40","date_gmt":"2018-01-22T14:17:40","guid":{"rendered":"http:\/\/ayuntamiento.o\/transparencia\/?page_id=258"},"modified":"2026-04-10T11:37:16","modified_gmt":"2026-04-10T15:37:16","slug":"responsable-de-acceso-a-la-informacion","status":"publish","type":"page","link":"https:\/\/ayuntamientobonao.gob.do\/transparencia\/responsable-de-acceso-a-la-informacion\/","title":{"rendered":"Responsable de Acceso a la Informaci\u00f3n"},"content":{"rendered":"<p class=\"paragraph ng-attr-widget\">Encargado: Jos\u00e9 Daniel S\u00e1nchez Savi\u00f1on<br \/>\n<strong>Responsable de Acceso a la Informaci\u00f3n (RAI)<\/strong><br \/>\nFlota Oficina: -829-399-6472<br \/>\nCorreo electr\u00f3nico:\u00a0<a href=\"mailto:OAIM@bonao.gob.do?subject=Contacto%20RAI%20-%20-\">OAIM@bonao.gob.do <\/a><\/p>\n","protected":false},"excerpt":{"rendered":"Encargado: Jos\u00e9 Daniel S\u00e1nchez Savi\u00f1on Responsable de Acceso a la Informaci\u00f3n (RAI) Flota Oficina: -829-399-6472 Correo electr\u00f3nico:\u00a0OAIM@bonao.gob.do","protected":false},"author":3,"featured_media":0,"parent":0,"menu_order":0,"comment_status":"closed","ping_status":"closed","template":"","meta":[],"acf":[],"_links":{"self":[{"href":"https:\/\/ayuntamientobonao.gob.do\/transparencia\/wp-json\/wp\/v2\/pages\/258"}],"collection":[{"href":"https:\/\/ayuntamientobonao.gob.do\/transparencia\/wp-json\/wp\/v2\/pages"}],"about":[{"href":"https:\/\/ayuntamientobonao.gob.do\/transparencia\/wp-json\/wp\/v2\/types\/page"}],"author":[{"embeddable":true,"href":"https:\/\/ayuntamientobonao.gob.do\/transparencia\/wp-json\/wp\/v2\/users\/3"}],"replies":[{"embeddable":true,"href":"https:\/\/ayuntamientobonao.gob.do\/transparencia\/wp-json\/wp\/v2\/comments?post=258"}],"version-history":[{"count":8,"href":"https:\/\/ayuntamientobonao.gob.do\/transparencia\/wp-json\/wp\/v2\/pages\/258\/revisions"}],"predecessor-version":[{"id":2728,"href":"https:\/\/ayuntamientobonao.gob.do\/transparencia\/wp-json\/wp\/v2\/pages\/258\/revisions\/2728"}],"wp:attachment":[{"href":"https:\/\/ayuntamientobonao.gob.do\/transparencia\/wp-json\/wp\/v2\/media?parent=258"}],"curies":[{"name":"wp","href":"https:\/\/api.w.org\/{rel}","templated":true}]}}